{"id":8416,"date":"2025-09-18T10:17:13","date_gmt":"2025-09-18T08:17:13","guid":{"rendered":"https:\/\/www.assistenz-kollektiv.de\/konsueltasyonunuz-hakkinda-geri-bildirim-formu\/"},"modified":"2025-09-18T10:17:43","modified_gmt":"2025-09-18T08:17:43","slug":"konsueltasyonunuz-hakkinda-geri-bildirim-formu","status":"publish","type":"page","link":"https:\/\/www.assistenz-kollektiv.de\/tr\/konsueltasyonunuz-hakkinda-geri-bildirim-formu\/","title":{"rendered":"Kons\u00fcltasyonunuz hakk\u0131nda geri bildirim formu"},"content":{"rendered":"<div class=\"frm_forms  with_frm_style frm_style_formidable-stil\" id=\"frm_form_9_container\" data-token=\"3acd747adbbe61b9d8635a4dd4a4bce7\">\n<form enctype=\"multipart\/form-data\" method=\"post\" class=\"frm-show-form  frm_js_validate  frm_ajax_submit  frm_pro_form \" id=\"form_dh2oz\" data-token=\"3acd747adbbe61b9d8635a4dd4a4bce7\">\n<div class=\"frm_form_fields \">\n<fieldset>\n<legend class=\"frm_screen_reader\">Dan\u0131\u015fmanl\u0131\u011f\u0131n\u0131z i\u00e7in geribildirim formu<\/legend>\r\n\r\n<div class=\"frm_fields_container\">\n<input type=\"hidden\" name=\"frm_action\" value=\"create\" \/>\n<input type=\"hidden\" name=\"form_id\" value=\"9\" \/>\n<input type=\"hidden\" name=\"frm_hide_fields_9\" id=\"frm_hide_fields_9\" value=\"\" \/>\n<input type=\"hidden\" name=\"form_key\" value=\"dh2oz\" \/>\n<input type=\"hidden\" name=\"item_meta[0]\" value=\"\" \/>\n<input type=\"hidden\" id=\"frm_submit_entry_9\" name=\"frm_submit_entry_9\" value=\"4f8a8223df\" \/><input type=\"hidden\" name=\"_wp_http_referer\" value=\"\/tr\/wp-json\/wp\/v2\/pages\/8416\" \/><div id=\"frm_field_163_container\" class=\"frm_form_field form-field  frm_top_container vertical_radio\">\r\n\t<div  id=\"field_j8a1m_label\" class=\"frm_primary_label\">1. Dan\u0131\u015fmanl\u0131ktan genel olarak memnun kald\u0131n\u0131z m\u0131?\r\n\t\t<span class=\"frm_required\" aria-hidden=\"true\"><\/span>\r\n\t<\/div>\r\n\t<div class=\"frm_opt_container\" aria-labelledby=\"field_j8a1m_label\" role=\"radiogroup\">\t\t<div class=\"frm_radio\" id=\"frm_radio_163-0\">\t\t\t<label  for=\"field_j8a1m-0\">\n\t\t\t\t\t<input type=\"radio\" name=\"item_meta[163]\" id=\"field_j8a1m-0\" value=\"a.\tSehr zufrieden\"\n\t\t data-invmsg=\"1. Dan\u0131\u015fmanl\u0131ktan genel olarak memnun kald\u0131n\u0131z m\u0131? ge\u00e7ersiz\"   \/> a. \u00c7ok memnun<\/label><\/div>\n\t\t<div class=\"frm_radio\" id=\"frm_radio_163-1\">\t\t\t<label  for=\"field_j8a1m-1\">\n\t\t\t\t\t<input type=\"radio\" name=\"item_meta[163]\" id=\"field_j8a1m-1\" value=\"b.\tTeilweise zufrieden\"\n\t\t data-invmsg=\"1. Dan\u0131\u015fmanl\u0131ktan genel olarak memnun kald\u0131n\u0131z m\u0131? ge\u00e7ersiz\"   \/> b. K\u0131smen memnun<\/label><\/div>\n\t\t<div class=\"frm_radio\" id=\"frm_radio_163-2\">\t\t\t<label  for=\"field_j8a1m-2\">\n\t\t\t\t\t<input type=\"radio\" name=\"item_meta[163]\" id=\"field_j8a1m-2\" value=\"c.\tNeutral\"\n\t\t data-invmsg=\"1. Dan\u0131\u015fmanl\u0131ktan genel olarak memnun kald\u0131n\u0131z m\u0131? ge\u00e7ersiz\"   \/> c. Tarafs\u0131z<\/label><\/div>\n\t\t<div class=\"frm_radio\" id=\"frm_radio_163-3\">\t\t\t<label  for=\"field_j8a1m-3\">\n\t\t\t\t\t<input type=\"radio\" name=\"item_meta[163]\" id=\"field_j8a1m-3\" value=\"d.\tTeilweise unzufrieden\"\n\t\t data-invmsg=\"1. Dan\u0131\u015fmanl\u0131ktan genel olarak memnun kald\u0131n\u0131z m\u0131? ge\u00e7ersiz\"   \/> d. K\u0131smen memnuniyetsiz<\/label><\/div>\n\t\t<div class=\"frm_radio\" id=\"frm_radio_163-4\">\t\t\t<label  for=\"field_j8a1m-4\">\n\t\t\t\t\t<input type=\"radio\" name=\"item_meta[163]\" id=\"field_j8a1m-4\" value=\"e.\tSehr unzufrieden\"\n\t\t data-invmsg=\"1. Dan\u0131\u015fmanl\u0131ktan genel olarak memnun kald\u0131n\u0131z m\u0131? ge\u00e7ersiz\"   \/> e. \u00c7ok memnuniyetsiz<\/label><\/div>\n<\/div>\r\n\t\r\n\t\r\n<\/div>\n<div id=\"frm_field_164_container\" class=\"frm_form_field form-field  frm_top_container vertical_radio\">\r\n\t<div  id=\"field_j7syx_label\" class=\"frm_primary_label\">2. Sorular\u0131n\u0131z yan\u0131tland\u0131 m\u0131?\r\n\t\t<span class=\"frm_required\" aria-hidden=\"true\"><\/span>\r\n\t<\/div>\r\n\t<div class=\"frm_opt_container\" aria-labelledby=\"field_j7syx_label\" role=\"radiogroup\">\t\t<div class=\"frm_radio\" id=\"frm_radio_164-0\">\t\t\t<label  for=\"field_j7syx-0\">\n\t\t\t\t\t<input type=\"radio\" name=\"item_meta[164]\" id=\"field_j7syx-0\" value=\"a.\tVollst\u00e4ndig\"\n\t\t data-invmsg=\"2. Sorular\u0131n\u0131z yan\u0131tland\u0131 m\u0131? ge\u00e7ersiz\"   \/> a. Tamamen<\/label><\/div>\n\t\t<div class=\"frm_radio\" id=\"frm_radio_164-1\">\t\t\t<label  for=\"field_j7syx-1\">\n\t\t\t\t\t<input type=\"radio\" name=\"item_meta[164]\" id=\"field_j7syx-1\" value=\"b.\tTeilweise\"\n\t\t data-invmsg=\"2. Sorular\u0131n\u0131z yan\u0131tland\u0131 m\u0131? ge\u00e7ersiz\"   \/> b. K\u0131smen<\/label><\/div>\n\t\t<div class=\"frm_radio\" id=\"frm_radio_164-2\">\t\t\t<label  for=\"field_j7syx-2\">\n\t\t\t\t\t<input type=\"radio\" name=\"item_meta[164]\" id=\"field_j7syx-2\" value=\"c.\tGar nicht\"\n\t\t data-invmsg=\"2. Sorular\u0131n\u0131z yan\u0131tland\u0131 m\u0131? ge\u00e7ersiz\"   \/> c. Hi\u00e7<\/label><\/div>\n<\/div>\r\n\t\r\n\t\r\n<\/div>\n<div id=\"frm_field_165_container\" class=\"frm_form_field form-field  frm_top_container vertical_radio\">\r\n\t<div  id=\"field_i6eqf_label\" class=\"frm_primary_label\">3. Dan\u0131\u015fmanl\u0131k beklentilerinizi kar\u015f\u0131lad\u0131 m\u0131?\r\n\t\t<span class=\"frm_required\" aria-hidden=\"true\"><\/span>\r\n\t<\/div>\r\n\t<div class=\"frm_opt_container\" aria-labelledby=\"field_i6eqf_label\" role=\"radiogroup\">\t\t<div class=\"frm_radio\" id=\"frm_radio_165-0\">\t\t\t<label  for=\"field_i6eqf-0\">\n\t\t\t\t\t<input type=\"radio\" name=\"item_meta[165]\" id=\"field_i6eqf-0\" value=\"a.\tVollst\u00e4ndig\"\n\t\t data-invmsg=\"3. Dan\u0131\u015fmanl\u0131k beklentilerinizi kar\u015f\u0131lad\u0131 m\u0131? ge\u00e7ersiz\"   \/> a. Tamamen<\/label><\/div>\n\t\t<div class=\"frm_radio\" id=\"frm_radio_165-1\">\t\t\t<label  for=\"field_i6eqf-1\">\n\t\t\t\t\t<input type=\"radio\" name=\"item_meta[165]\" id=\"field_i6eqf-1\" value=\"b.\tTeilweise\"\n\t\t data-invmsg=\"3. Dan\u0131\u015fmanl\u0131k beklentilerinizi kar\u015f\u0131lad\u0131 m\u0131? ge\u00e7ersiz\"   \/> b. K\u0131smen<\/label><\/div>\n\t\t<div class=\"frm_radio\" id=\"frm_radio_165-2\">\t\t\t<label  for=\"field_i6eqf-2\">\n\t\t\t\t\t<input type=\"radio\" name=\"item_meta[165]\" id=\"field_i6eqf-2\" value=\"c. Gar nicht\"\n\t\t data-invmsg=\"3. Dan\u0131\u015fmanl\u0131k beklentilerinizi kar\u015f\u0131lad\u0131 m\u0131? ge\u00e7ersiz\"   \/> c. Hi\u00e7<\/label><\/div>\n<\/div>\r\n\t\r\n\t\r\n<\/div>\n<div id=\"frm_field_166_container\" class=\"frm_form_field form-field  frm_top_container vertical_radio\">\r\n\t<div  id=\"field_ex2cd_label\" class=\"frm_primary_label\">4. Dan\u0131\u015fman\u0131m\u0131z\u0131n uzmanl\u0131\u011f\u0131n\u0131 nas\u0131l de\u011ferlendiriyorsunuz?\r\n\t\t<span class=\"frm_required\" aria-hidden=\"true\"><\/span>\r\n\t<\/div>\r\n\t<div class=\"frm_opt_container\" aria-labelledby=\"field_ex2cd_label\" role=\"radiogroup\">\t\t<div class=\"frm_radio\" id=\"frm_radio_166-0\">\t\t\t<label  for=\"field_ex2cd-0\">\n\t\t\t\t\t<input type=\"radio\" name=\"item_meta[166]\" id=\"field_ex2cd-0\" value=\"a.\tSehr gut\"\n\t\t data-invmsg=\"4. Dan\u0131\u015fman\u0131m\u0131z\u0131n uzmanl\u0131\u011f\u0131n\u0131 nas\u0131l de\u011ferlendiriyorsunuz? ge\u00e7ersiz\"   \/> a. \u00c7ok iyi<\/label><\/div>\n\t\t<div class=\"frm_radio\" id=\"frm_radio_166-1\">\t\t\t<label  for=\"field_ex2cd-1\">\n\t\t\t\t\t<input type=\"radio\" name=\"item_meta[166]\" id=\"field_ex2cd-1\" value=\"b.\tGut\"\n\t\t data-invmsg=\"4. Dan\u0131\u015fman\u0131m\u0131z\u0131n uzmanl\u0131\u011f\u0131n\u0131 nas\u0131l de\u011ferlendiriyorsunuz? ge\u00e7ersiz\"   \/> b. \u0130yi<\/label><\/div>\n\t\t<div class=\"frm_radio\" id=\"frm_radio_166-2\">\t\t\t<label  for=\"field_ex2cd-2\">\n\t\t\t\t\t<input type=\"radio\" name=\"item_meta[166]\" id=\"field_ex2cd-2\" value=\"c.\tNeutral\"\n\t\t data-invmsg=\"4. Dan\u0131\u015fman\u0131m\u0131z\u0131n uzmanl\u0131\u011f\u0131n\u0131 nas\u0131l de\u011ferlendiriyorsunuz? ge\u00e7ersiz\"   \/> c. Tarafs\u0131z<\/label><\/div>\n\t\t<div class=\"frm_radio\" id=\"frm_radio_166-3\">\t\t\t<label  for=\"field_ex2cd-3\">\n\t\t\t\t\t<input type=\"radio\" name=\"item_meta[166]\" id=\"field_ex2cd-3\" value=\"d.\tEher schlecht\"\n\t\t data-invmsg=\"4. Dan\u0131\u015fman\u0131m\u0131z\u0131n uzmanl\u0131\u011f\u0131n\u0131 nas\u0131l de\u011ferlendiriyorsunuz? ge\u00e7ersiz\"   \/> d. Olduk\u00e7a k\u00f6t\u00fc<\/label><\/div>\n\t\t<div class=\"frm_radio\" id=\"frm_radio_166-4\">\t\t\t<label  for=\"field_ex2cd-4\">\n\t\t\t\t\t<input type=\"radio\" name=\"item_meta[166]\" id=\"field_ex2cd-4\" value=\"e.\tSehr schlecht\"\n\t\t data-invmsg=\"4. Dan\u0131\u015fman\u0131m\u0131z\u0131n uzmanl\u0131\u011f\u0131n\u0131 nas\u0131l de\u011ferlendiriyorsunuz? ge\u00e7ersiz\"   \/> e. \u00c7ok k\u00f6t\u00fc<\/label><\/div>\n<\/div>\r\n\t\r\n\t\r\n<\/div>\n<div id=\"frm_field_168_container\" class=\"frm_form_field form-field  frm_top_container vertical_radio\">\r\n\t<div  id=\"field_wgi72_label\" class=\"frm_primary_label\">5. Dan\u0131\u015fman\u0131m\u0131z\u0131n samimiyetini nas\u0131l de\u011ferlendiriyorsunuz?\r\n\t\t<span class=\"frm_required\" aria-hidden=\"true\"><\/span>\r\n\t<\/div>\r\n\t<div class=\"frm_opt_container\" aria-labelledby=\"field_wgi72_label\" role=\"radiogroup\">\t\t<div class=\"frm_radio\" id=\"frm_radio_168-0\">\t\t\t<label  for=\"field_wgi72-0\">\n\t\t\t\t\t<input type=\"radio\" name=\"item_meta[168]\" id=\"field_wgi72-0\" value=\"a.\tSehr freundlich\"\n\t\t data-invmsg=\"5. Dan\u0131\u015fman\u0131m\u0131z\u0131n samimiyetini nas\u0131l de\u011ferlendiriyorsunuz? ge\u00e7ersiz\"   \/> a. \u00c7ok samimi<\/label><\/div>\n\t\t<div class=\"frm_radio\" id=\"frm_radio_168-1\">\t\t\t<label  for=\"field_wgi72-1\">\n\t\t\t\t\t<input type=\"radio\" name=\"item_meta[168]\" id=\"field_wgi72-1\" value=\"b.\tFreundlich\"\n\t\t data-invmsg=\"5. Dan\u0131\u015fman\u0131m\u0131z\u0131n samimiyetini nas\u0131l de\u011ferlendiriyorsunuz? ge\u00e7ersiz\"   \/> b. Samimi<\/label><\/div>\n\t\t<div class=\"frm_radio\" id=\"frm_radio_168-2\">\t\t\t<label  for=\"field_wgi72-2\">\n\t\t\t\t\t<input type=\"radio\" name=\"item_meta[168]\" id=\"field_wgi72-2\" value=\"c.\tNeutral\"\n\t\t data-invmsg=\"5. Dan\u0131\u015fman\u0131m\u0131z\u0131n samimiyetini nas\u0131l de\u011ferlendiriyorsunuz? ge\u00e7ersiz\"   \/> c. Tarafs\u0131z<\/label><\/div>\n\t\t<div class=\"frm_radio\" id=\"frm_radio_168-3\">\t\t\t<label  for=\"field_wgi72-3\">\n\t\t\t\t\t<input type=\"radio\" name=\"item_meta[168]\" id=\"field_wgi72-3\" value=\"d.\tEher unfreundlich\"\n\t\t data-invmsg=\"5. Dan\u0131\u015fman\u0131m\u0131z\u0131n samimiyetini nas\u0131l de\u011ferlendiriyorsunuz? ge\u00e7ersiz\"   \/> d. Olduk\u00e7a samimiyetsiz<\/label><\/div>\n\t\t<div class=\"frm_radio\" id=\"frm_radio_168-4\">\t\t\t<label  for=\"field_wgi72-4\">\n\t\t\t\t\t<input type=\"radio\" name=\"item_meta[168]\" id=\"field_wgi72-4\" value=\"e.\tSehr unfreundlich\"\n\t\t data-invmsg=\"5. Dan\u0131\u015fman\u0131m\u0131z\u0131n samimiyetini nas\u0131l de\u011ferlendiriyorsunuz? ge\u00e7ersiz\"   \/> e. \u00c7ok samimiyetsiz<\/label><\/div>\n<\/div>\r\n\t\r\n\t\r\n<\/div>\n<div id=\"frm_field_167_container\" class=\"frm_form_field form-field  frm_top_container vertical_radio\">\r\n\t<div  id=\"field_zr6h8_label\" class=\"frm_primary_label\">6. Dan\u0131\u015fman\/dan\u0131\u015fman\u0131m\u0131z g\u00f6r\u00fc\u015fme i\u00e7in yeterli zaman ay\u0131rd\u0131 m\u0131?\r\n\t\t<span class=\"frm_required\" aria-hidden=\"true\"><\/span>\r\n\t<\/div>\r\n\t<div class=\"frm_opt_container\" aria-labelledby=\"field_zr6h8_label\" role=\"radiogroup\">\t\t<div class=\"frm_radio\" id=\"frm_radio_167-0\">\t\t\t<label  for=\"field_zr6h8-0\">\n\t\t\t\t\t<input type=\"radio\" name=\"item_meta[167]\" id=\"field_zr6h8-0\" value=\"a.\tTrifft voll zu\"\n\t\t data-invmsg=\"6. Dan\u0131\u015fman\/dan\u0131\u015fman\u0131m\u0131z g\u00f6r\u00fc\u015fme i\u00e7in yeterli zaman ay\u0131rd\u0131 m\u0131? ge\u00e7ersiz\"   \/> a. Tamamen do\u011fru<\/label><\/div>\n\t\t<div class=\"frm_radio\" id=\"frm_radio_167-1\">\t\t\t<label  for=\"field_zr6h8-1\">\n\t\t\t\t\t<input type=\"radio\" name=\"item_meta[167]\" id=\"field_zr6h8-1\" value=\"b.\tTrifft teilweise zu\"\n\t\t data-invmsg=\"6. Dan\u0131\u015fman\/dan\u0131\u015fman\u0131m\u0131z g\u00f6r\u00fc\u015fme i\u00e7in yeterli zaman ay\u0131rd\u0131 m\u0131? ge\u00e7ersiz\"   \/> b. K\u0131smen do\u011fru<\/label><\/div>\n\t\t<div class=\"frm_radio\" id=\"frm_radio_167-2\">\t\t\t<label  for=\"field_zr6h8-2\">\n\t\t\t\t\t<input type=\"radio\" name=\"item_meta[167]\" id=\"field_zr6h8-2\" value=\"c.\tNeutral\"\n\t\t data-invmsg=\"6. Dan\u0131\u015fman\/dan\u0131\u015fman\u0131m\u0131z g\u00f6r\u00fc\u015fme i\u00e7in yeterli zaman ay\u0131rd\u0131 m\u0131? ge\u00e7ersiz\"   \/> c. Tarafs\u0131z<\/label><\/div>\n\t\t<div class=\"frm_radio\" id=\"frm_radio_167-3\">\t\t\t<label  for=\"field_zr6h8-3\">\n\t\t\t\t\t<input type=\"radio\" name=\"item_meta[167]\" id=\"field_zr6h8-3\" value=\"d.\tTrifft gar nicht zu\"\n\t\t data-invmsg=\"6. Dan\u0131\u015fman\/dan\u0131\u015fman\u0131m\u0131z g\u00f6r\u00fc\u015fme i\u00e7in yeterli zaman ay\u0131rd\u0131 m\u0131? ge\u00e7ersiz\"   \/> d. Hi\u00e7 do\u011fru de\u011fil<\/label><\/div>\n<\/div>\r\n\t\r\n\t\r\n<\/div>\n<div id=\"frm_field_169_container\" class=\"frm_form_field form-field  frm_top_container vertical_radio\">\r\n\t<div  id=\"field_2c1e8_label\" class=\"frm_primary_label\">7. Dan\u0131\u015fmanl\u0131k s\u0131ras\u0131nda anla\u015f\u0131ld\u0131\u011f\u0131n\u0131z\u0131 hissettiniz mi?\r\n\t\t<span class=\"frm_required\" aria-hidden=\"true\"><\/span>\r\n\t<\/div>\r\n\t<div class=\"frm_opt_container\" aria-labelledby=\"field_2c1e8_label\" role=\"radiogroup\">\t\t<div class=\"frm_radio\" id=\"frm_radio_169-0\">\t\t\t<label  for=\"field_2c1e8-0\">\n\t\t\t\t\t<input type=\"radio\" name=\"item_meta[169]\" id=\"field_2c1e8-0\" value=\"a.\tTrifft voll zu\"\n\t\t data-invmsg=\"7. Dan\u0131\u015fmanl\u0131k s\u0131ras\u0131nda anla\u015f\u0131ld\u0131\u011f\u0131n\u0131z\u0131 hissettiniz mi? ge\u00e7ersiz\"   \/> a. Tamamen do\u011fru<\/label><\/div>\n\t\t<div class=\"frm_radio\" id=\"frm_radio_169-1\">\t\t\t<label  for=\"field_2c1e8-1\">\n\t\t\t\t\t<input type=\"radio\" name=\"item_meta[169]\" id=\"field_2c1e8-1\" value=\"b.\tTrifft teilweise zu\"\n\t\t data-invmsg=\"7. Dan\u0131\u015fmanl\u0131k s\u0131ras\u0131nda anla\u015f\u0131ld\u0131\u011f\u0131n\u0131z\u0131 hissettiniz mi? ge\u00e7ersiz\"   \/> b. K\u0131smen do\u011fru<\/label><\/div>\n\t\t<div class=\"frm_radio\" id=\"frm_radio_169-2\">\t\t\t<label  for=\"field_2c1e8-2\">\n\t\t\t\t\t<input type=\"radio\" name=\"item_meta[169]\" id=\"field_2c1e8-2\" value=\"c.\tNeutral\"\n\t\t data-invmsg=\"7. Dan\u0131\u015fmanl\u0131k s\u0131ras\u0131nda anla\u015f\u0131ld\u0131\u011f\u0131n\u0131z\u0131 hissettiniz mi? ge\u00e7ersiz\"   \/> c. Tarafs\u0131z<\/label><\/div>\n\t\t<div class=\"frm_radio\" id=\"frm_radio_169-3\">\t\t\t<label  for=\"field_2c1e8-3\">\n\t\t\t\t\t<input type=\"radio\" name=\"item_meta[169]\" id=\"field_2c1e8-3\" value=\"d.\tTrifft gar nicht zu\"\n\t\t data-invmsg=\"7. Dan\u0131\u015fmanl\u0131k s\u0131ras\u0131nda anla\u015f\u0131ld\u0131\u011f\u0131n\u0131z\u0131 hissettiniz mi? ge\u00e7ersiz\"   \/> d. Hi\u00e7 do\u011fru de\u011fil<\/label><\/div>\n<\/div>\r\n\t\r\n\t\r\n<\/div>\n<div id=\"frm_field_170_container\" class=\"frm_form_field form-field  frm_top_container vertical_radio frm_other_container\">\r\n\t<div  id=\"field_kmg5j_label\" class=\"frm_primary_label\">8. Dan\u0131\u015fmanl\u0131\u011f\u0131m\u0131zdan nas\u0131l haberdar oldunuz?\r\n\t\t<span class=\"frm_required\" aria-hidden=\"true\"><\/span>\r\n\t<\/div>\r\n\t<div class=\"frm_opt_container\" aria-labelledby=\"field_kmg5j_label\" role=\"radiogroup\">\t\t<div class=\"frm_radio\" id=\"frm_radio_170-0\">\t\t\t<label  for=\"field_kmg5j-0\">\n\t\t\t\t\t<input type=\"radio\" name=\"item_meta[170]\" id=\"field_kmg5j-0\" value=\"a.\tDurch Zufall\"\n\t\t data-invmsg=\"8. Dan\u0131\u015fmanl\u0131\u011f\u0131m\u0131zdan nas\u0131l haberdar oldunuz? ge\u00e7ersiz\"   \/> a. Tesad\u00fcfen<\/label><\/div>\n\t\t<div class=\"frm_radio\" id=\"frm_radio_170-1\">\t\t\t<label  for=\"field_kmg5j-1\">\n\t\t\t\t\t<input type=\"radio\" name=\"item_meta[170]\" id=\"field_kmg5j-1\" value=\"b.\tDurch Empfehlung\"\n\t\t data-invmsg=\"8. Dan\u0131\u015fmanl\u0131\u011f\u0131m\u0131zdan nas\u0131l haberdar oldunuz? ge\u00e7ersiz\"   \/> b. Tavsiye \u00fczerine<\/label><\/div>\n\t\t<div class=\"frm_radio\" id=\"frm_radio_170-2\">\t\t\t<label  for=\"field_kmg5j-2\">\n\t\t\t\t\t<input type=\"radio\" name=\"item_meta[170]\" id=\"field_kmg5j-2\" value=\"c.\tAuf einer Informationsveranstaltung\"\n\t\t data-invmsg=\"8. Dan\u0131\u015fmanl\u0131\u011f\u0131m\u0131zdan nas\u0131l haberdar oldunuz? ge\u00e7ersiz\"   \/> c. Bir bilgilendirme etkinli\u011finde<\/label><\/div>\n\t\t<div class=\"frm_radio\" id=\"frm_radio_170-3\">\t\t\t<label  for=\"field_kmg5j-3\">\n\t\t\t\t\t<input type=\"radio\" name=\"item_meta[170]\" id=\"field_kmg5j-3\" value=\"d.\tDurch eine Brosch\u00fcre\"\n\t\t data-invmsg=\"8. Dan\u0131\u015fmanl\u0131\u011f\u0131m\u0131zdan nas\u0131l haberdar oldunuz? ge\u00e7ersiz\"   \/> d. Bir bro\u015f\u00fcr arac\u0131l\u0131\u011f\u0131yla<\/label><\/div>\n\t\t<div class=\"frm_radio\" id=\"frm_radio_170-4\">\t\t\t<label  for=\"field_kmg5j-4\">\n\t\t\t\t\t<input type=\"radio\" name=\"item_meta[170]\" id=\"field_kmg5j-4\" value=\"e.\tDurch das Internet\"\n\t\t data-invmsg=\"8. Dan\u0131\u015fmanl\u0131\u011f\u0131m\u0131zdan nas\u0131l haberdar oldunuz? ge\u00e7ersiz\"   \/> e. \u0130nternet arac\u0131l\u0131\u011f\u0131yla<\/label><\/div>\n\t\t<div class=\"frm_radio\" id=\"frm_radio_170-other_6\">\t\t\t<label  for=\"field_kmg5j-other_6\">\n\t\t\t\t\t<input type=\"radio\" name=\"item_meta[170]\" id=\"field_kmg5j-other_6\" value=\"f. Di\u011fer, yani\"\n\t\t data-invmsg=\"8. Dan\u0131\u015fmanl\u0131\u011f\u0131m\u0131zdan nas\u0131l haberdar oldunuz? ge\u00e7ersiz\"   \/> f. Di\u011fer, yani<\/label><label for=\"field_kmg5j-other_6-otext\" class=\"frm_screen_reader frm_hidden\">f. Di\u011fer, yani<\/label><input type=\"text\" id=\"field_kmg5j-other_6-otext\" class=\"frm_other_input frm_pos_none\"  name=\"item_meta[other][170]\" value=\"\" \/><\/div>\n<\/div>\r\n\t\r\n\t\r\n<\/div>\n<div id=\"frm_field_171_container\" class=\"frm_form_field form-field  frm_top_container vertical_radio\">\r\n\t<div  id=\"field_chzhu_label\" class=\"frm_primary_label\">9. Dan\u0131\u015fmanl\u0131k randevusu ayarlamak kolay oldu mu?\r\n\t\t<span class=\"frm_required\" aria-hidden=\"true\"><\/span>\r\n\t<\/div>\r\n\t<div class=\"frm_opt_container\" aria-labelledby=\"field_chzhu_label\" role=\"radiogroup\">\t\t<div class=\"frm_radio\" id=\"frm_radio_171-0\">\t\t\t<label  for=\"field_chzhu-0\">\n\t\t\t\t\t<input type=\"radio\" name=\"item_meta[171]\" id=\"field_chzhu-0\" value=\"a.\tSehr einfach\"\n\t\t data-invmsg=\"9. Dan\u0131\u015fmanl\u0131k randevusu ayarlamak kolay oldu mu? ge\u00e7ersiz\"   \/> a. \u00c7ok kolay<\/label><\/div>\n\t\t<div class=\"frm_radio\" id=\"frm_radio_171-1\">\t\t\t<label  for=\"field_chzhu-1\">\n\t\t\t\t\t<input type=\"radio\" name=\"item_meta[171]\" id=\"field_chzhu-1\" value=\"b.\tEinfach\"\n\t\t data-invmsg=\"9. Dan\u0131\u015fmanl\u0131k randevusu ayarlamak kolay oldu mu? ge\u00e7ersiz\"   \/> b. Kolay<\/label><\/div>\n\t\t<div class=\"frm_radio\" id=\"frm_radio_171-2\">\t\t\t<label  for=\"field_chzhu-2\">\n\t\t\t\t\t<input type=\"radio\" name=\"item_meta[171]\" id=\"field_chzhu-2\" value=\"c.\tNeutral\"\n\t\t data-invmsg=\"9. Dan\u0131\u015fmanl\u0131k randevusu ayarlamak kolay oldu mu? ge\u00e7ersiz\"   \/> c. Tarafs\u0131z<\/label><\/div>\n\t\t<div class=\"frm_radio\" id=\"frm_radio_171-3\">\t\t\t<label  for=\"field_chzhu-3\">\n\t\t\t\t\t<input type=\"radio\" name=\"item_meta[171]\" id=\"field_chzhu-3\" value=\"d.\tEher schwierig\"\n\t\t data-invmsg=\"9. Dan\u0131\u015fmanl\u0131k randevusu ayarlamak kolay oldu mu? ge\u00e7ersiz\"   \/> d. Olduk\u00e7a zor<\/label><\/div>\n\t\t<div class=\"frm_radio\" id=\"frm_radio_171-4\">\t\t\t<label  for=\"field_chzhu-4\">\n\t\t\t\t\t<input type=\"radio\" name=\"item_meta[171]\" id=\"field_chzhu-4\" value=\"e.\tSehr schwierig\"\n\t\t data-invmsg=\"9. Dan\u0131\u015fmanl\u0131k randevusu ayarlamak kolay oldu mu? ge\u00e7ersiz\"   \/> e. \u00c7ok zor<\/label><\/div>\n<\/div>\r\n\t\r\n\t\r\n<\/div>\n<div id=\"frm_field_172_container\" class=\"frm_form_field form-field  frm_inside_container\">\r\n\t<label for=\"field_psjkf\" id=\"field_psjkf_label\" class=\"frm_primary_label\">Bize neyin zor oldu\u011funu yaz\u0131n:\r\n\t\t<span class=\"frm_required\" aria-hidden=\"true\"><\/span>\r\n\t<\/label>\r\n\t<input  type=\"text\" id=\"field_psjkf\" name=\"item_meta[172]\" value=\"\"  data-invmsg=\"Bize neyin zor oldu\u011funu yaz\u0131n: ge\u00e7ersiz\" aria-invalid=\"false\"   \/>\r\n\t\r\n\t\r\n<\/div>\n<div id=\"frm_field_173_container\" class=\"frm_form_field form-field  frm_inside_container\">\r\n\t<label for=\"field_bdnkm\" id=\"field_bdnkm_label\" class=\"frm_primary_label\">10. Dan\u0131\u015fmanl\u0131kta neyi be\u011fendiniz?\r\n\t\t<span class=\"frm_required\" aria-hidden=\"true\"><\/span>\r\n\t<\/label>\r\n\t<input  type=\"text\" id=\"field_bdnkm\" name=\"item_meta[173]\" value=\"\"  data-invmsg=\"10. Dan\u0131\u015fmanl\u0131kta neyi be\u011fendiniz? ge\u00e7ersiz\" aria-invalid=\"false\"   \/>\r\n\t\r\n\t\r\n<\/div>\n<div id=\"frm_field_174_container\" class=\"frm_form_field form-field  frm_inside_container\">\r\n\t<label for=\"field_d9wez\" id=\"field_d9wez_label\" class=\"frm_primary_label\">11. Uygulamam\u0131z gereken herhangi bir \u00f6neriniz veya iste\u011finiz var m\u0131?\r\n\t\t<span class=\"frm_required\" aria-hidden=\"true\"><\/span>\r\n\t<\/label>\r\n\t<input  type=\"text\" id=\"field_d9wez\" name=\"item_meta[174]\" value=\"\"  data-invmsg=\"11. Uygulamam\u0131z gereken herhangi bir \u00f6neriniz veya iste\u011finiz var m\u0131? ge\u00e7ersiz\" aria-invalid=\"false\"   \/>\r\n\t\r\n\t\r\n<\/div>\n<div id=\"frm_field_175_container\" class=\"frm_form_field form-field  frm_top_container vertical_radio\">\r\n\t<div  id=\"field_5yhsg_label\" class=\"frm_primary_label\">12. Dan\u0131\u015fmanl\u0131\u011f\u0131m\u0131z\u0131 ne kadar tavsiye edersiniz?\r\n\t\t<span class=\"frm_required\" aria-hidden=\"true\"><\/span>\r\n\t<\/div>\r\n\t<div class=\"frm_opt_container\" aria-labelledby=\"field_5yhsg_label\" role=\"radiogroup\">\t\t<div class=\"frm_radio\" id=\"frm_radio_175-0\">\t\t\t<label  for=\"field_5yhsg-0\">\n\t\t\t\t\t<input type=\"radio\" name=\"item_meta[175]\" id=\"field_5yhsg-0\" value=\"a.\tSehr wahrscheinlich\"\n\t\t data-invmsg=\"12. Dan\u0131\u015fmanl\u0131\u011f\u0131m\u0131z\u0131 ne kadar tavsiye edersiniz? ge\u00e7ersiz\"   \/> a. \u00c7ok olas\u0131<\/label><\/div>\n\t\t<div class=\"frm_radio\" id=\"frm_radio_175-1\">\t\t\t<label  for=\"field_5yhsg-1\">\n\t\t\t\t\t<input type=\"radio\" name=\"item_meta[175]\" id=\"field_5yhsg-1\" value=\"b.\tWahrscheinlich\"\n\t\t data-invmsg=\"12. Dan\u0131\u015fmanl\u0131\u011f\u0131m\u0131z\u0131 ne kadar tavsiye edersiniz? ge\u00e7ersiz\"   \/> b. Olas\u0131<\/label><\/div>\n\t\t<div class=\"frm_radio\" id=\"frm_radio_175-2\">\t\t\t<label  for=\"field_5yhsg-2\">\n\t\t\t\t\t<input type=\"radio\" name=\"item_meta[175]\" id=\"field_5yhsg-2\" value=\"c.\tNeutral\"\n\t\t data-invmsg=\"12. Dan\u0131\u015fmanl\u0131\u011f\u0131m\u0131z\u0131 ne kadar tavsiye edersiniz? ge\u00e7ersiz\"   \/> c. Tarafs\u0131z<\/label><\/div>\n\t\t<div class=\"frm_radio\" id=\"frm_radio_175-3\">\t\t\t<label  for=\"field_5yhsg-3\">\n\t\t\t\t\t<input type=\"radio\" name=\"item_meta[175]\" id=\"field_5yhsg-3\" value=\"d.\tEher unwahrscheinlich\"\n\t\t data-invmsg=\"12. Dan\u0131\u015fmanl\u0131\u011f\u0131m\u0131z\u0131 ne kadar tavsiye edersiniz? ge\u00e7ersiz\"   \/> d. Olduk\u00e7a olas\u0131 de\u011fil<\/label><\/div>\n\t\t<div class=\"frm_radio\" id=\"frm_radio_175-4\">\t\t\t<label  for=\"field_5yhsg-4\">\n\t\t\t\t\t<input type=\"radio\" name=\"item_meta[175]\" id=\"field_5yhsg-4\" value=\"e.\tSehr unwahrscheinlich\"\n\t\t data-invmsg=\"12. Dan\u0131\u015fmanl\u0131\u011f\u0131m\u0131z\u0131 ne kadar tavsiye edersiniz? ge\u00e7ersiz\"   \/> e. \u00c7ok olas\u0131 de\u011fil<\/label><\/div>\n<\/div>\r\n\t\r\n\t\r\n<\/div>\n<div id=\"frm_field_176_container\" class=\"frm_form_field form-field  frm_inside_container\">\r\n\t<label for=\"field_nc7vu\" id=\"field_nc7vu_label\" class=\"frm_primary_label\">13. Di\u011fer yorumlar\r\n\t\t<span class=\"frm_required\" aria-hidden=\"true\"><\/span>\r\n\t<\/label>\r\n\t<input  type=\"text\" id=\"field_nc7vu\" name=\"item_meta[176]\" value=\"\"  data-invmsg=\"13. Di\u011fer yorumlar ge\u00e7ersiz\" aria-invalid=\"false\"   \/>\r\n\t\r\n\t\r\n<\/div>\n<div id=\"frm_field_162_container\" class=\"frm_form_field form-field \">\r\n\t<div class=\"frm_submit frm_flex\">\r\n<button class=\"frm_button_submit frm_final_submit\" type=\"submit\"  >G\u00f6nder<\/button>\r\n\r\n\r\n\r\n<\/div>\r\n<\/div>\n\t<input type=\"hidden\" name=\"item_key\" value=\"\" \/>\n\t\t\t<div id=\"frm_field_184_container\">\n\t\t\t<label for=\"field_2sovt\" >\n\t\t\t\tIf you are human, leave this field blank.\t\t\t<\/label>\n\t\t\t<input  id=\"field_2sovt\" type=\"text\" class=\"frm_form_field form-field frm_verify\" name=\"item_meta[184]\" value=\"\"  \/>\n\t\t<\/div>\n\t\t<input name=\"frm_state\" type=\"hidden\" value=\"ZGGg2OBedYQSmnBBJgI0bW53Lo05pa9Liu8V2hFOdyXttkENgjGlXJmdwHDhzPA5\" \/><\/div>\n<\/fieldset>\n<\/div>\n\n<\/form>\n<\/div>\n","protected":false},"excerpt":{"rendered":"","protected":false},"author":4,"featured_media":0,"parent":0,"menu_order":0,"comment_status":"closed","ping_status":"closed","template":"","meta":{"inline_featured_image":false,"footnotes":""},"class_list":{"0":"post-8416","1":"page","2":"type-page","3":"status-publish","5":"infinite-scroll-item"},"_links":{"self":[{"href":"https:\/\/www.assistenz-kollektiv.de\/tr\/wp-json\/wp\/v2\/pages\/8416","targetHints":{"allow":["GET"]}}],"collection":[{"href":"https:\/\/www.assistenz-kollektiv.de\/tr\/wp-json\/wp\/v2\/pages"}],"about":[{"href":"https:\/\/www.assistenz-kollektiv.de\/tr\/wp-json\/wp\/v2\/types\/page"}],"author":[{"embeddable":true,"href":"https:\/\/www.assistenz-kollektiv.de\/tr\/wp-json\/wp\/v2\/users\/4"}],"replies":[{"embeddable":true,"href":"https:\/\/www.assistenz-kollektiv.de\/tr\/wp-json\/wp\/v2\/comments?post=8416"}],"version-history":[{"count":1,"href":"https:\/\/www.assistenz-kollektiv.de\/tr\/wp-json\/wp\/v2\/pages\/8416\/revisions"}],"predecessor-version":[{"id":8417,"href":"https:\/\/www.assistenz-kollektiv.de\/tr\/wp-json\/wp\/v2\/pages\/8416\/revisions\/8417"}],"wp:attachment":[{"href":"https:\/\/www.assistenz-kollektiv.de\/tr\/wp-json\/wp\/v2\/media?parent=8416"}],"curies":[{"name":"wp","href":"https:\/\/api.w.org\/{rel}","templated":true}]}}