{"id":6769,"date":"2024-11-13T20:11:33","date_gmt":"2024-11-13T19:11:33","guid":{"rendered":"https:\/\/www.assistenz-kollektiv.de\/consultation-video\/"},"modified":"2025-02-14T16:39:51","modified_gmt":"2025-02-14T15:39:51","slug":"consultation-video","status":"publish","type":"page","link":"https:\/\/www.assistenz-kollektiv.de\/fr\/consultation-video\/","title":{"rendered":"Consultation vid\u00e9o"},"content":{"rendered":"\n<p>Le collectif d&#8217;assistance propose des conseils de pair \u00e0 pair par appel vid\u00e9o sur l&#8217;assistance personnelle, la vie avec une assistance, le budget personnel et les prestations en nature.<\/p>\n<div class=\"gb-container gb-container-fc7f7ec3\">\n<div class=\"gb-container gb-container-7442a682\">\n<button style=\"background-color:#F4D6A7; border: 1px dashed #A7134A\" class=\"gb-button ButtonGelb\" disabled>Unser Videoberatungs-Posten ist derzeit nicht besetzt.<\/button>\n\n<\/div>\n<\/div>\n<p>R\u00e9servez un rendez-vous dans le calendrier ci-dessous pour une consultation personnelle par vid\u00e9oconf\u00e9rence avec nous.<\/p>\n<div class=\"gb-container gb-container-91d822cd\">\n <div class=\"brlbs-cmpnt-container brlbs-cmpnt-content-blocker brlbs-cmpnt-with-individual-styles\" data-borlabs-cookie-content-blocker-id=\"zoom\" data-borlabs-cookie-content=\"PC9wPgoKCgogPGRpdiBjbGFzcz0iYnJsYnMtY21wbnQtY29udGFpbmVyIGJybGJzLWNtcG50LWNvbnRlbnQtYmxvY2tlciBicmxicy1jbXBudC13aXRoLWluZGl2aWR1YWwtc3R5bGVzIiBkYXRhLWJvcmxhYnMtY29va2llLWNvbnRlbnQtYmxvY2tlci1pZD0iZGVmYXVsdCIgZGF0YS1ib3JsYWJzLWNvb2tpZS1jb250ZW50PSJQR2xtY21GdFpTQnpjbU05SW1oMGRIQnpPaTh2YzJOb1pXUjFiR1Z5TG5wdmIyMHVkWE12WVhOemFYTjBaVzU2TFd0dmJHeGxhM1JwZGk5MmFXUmxieTFpWlhKaGRIVnVaejlsYldKbFpGTjBlV3hsUFNVM1FpVXlNbUoxZEhSdmJrTnZiRzl5SlRJeUpUTkJKVEl5SlRJellUZ3hORFJoSlRJeUpUZEVKbVZ0WW1Wa1BYUnlkV1VpSUdaeVlXMWxZbTl5WkdWeVBTSXdJaUJ6ZEhsc1pUMGlkMmxrZEdnNklERXdNQ1U3SUdobGFXZG9kRG9nTnpBd2NIZzdJajQ4TDJsbWNtRnRaVDQ9Ij48ZGl2IGNsYXNzPSJicmxicy1jbXBudC1jYi1wcmVzZXQtYSI+IDxwIGNsYXNzPSJicmxicy1jbXBudC1jYi1kZXNjcmlwdGlvbiI+Vm91cyDDqnRlcyBhY3R1ZWxsZW1lbnQgZW4gdHJhaW4gZGUgY29uc3VsdGVyIGxlIGNvbnRlbnUgZCYjODIxNzt1biBlc3BhY2UgcsOpc2VydsOpIGRlIDxzdHJvbmc+UGFyIGTDqWZhdXQ8L3N0cm9uZz4uIFBvdXIgYWNjw6lkZXIgYXUgY29udGVudSByw6llbCwgY2xpcXVleiBzdXIgbGUgYm91dG9uIGNpLWRlc3NvdXMuIFZldWlsbGV6IG5vdGVyIHF1ZSBjZSBmYWlzYW50LCBkZXMgZG9ubsOpZXMgc2Vyb250IHBhcnRhZ8OpZXMgYXZlYyBkZXMgcHJvdmlkZXJzIHRpZXJzLjwvcD4gPGRpdiBjbGFzcz0iYnJsYnMtY21wbnQtY2ItYnV0dG9ucyI+IDxhIGNsYXNzPSJicmxicy1jbXBudC1jYi1idG4iIGhyZWY9IiMiIGRhdGEtYm9ybGFicy1jb29raWUtdW5ibG9jayByb2xlPSJidXR0b24iPkTDqWJsb3F1ZXIgbGUgY29udGVudTwvYT4gPGEgY2xhc3M9ImJybGJzLWNtcG50LWNiLWJ0biIgaHJlZj0iIyIgZGF0YS1ib3JsYWJzLWNvb2tpZS1hY2NlcHQtc2VydmljZSByb2xlPSJidXR0b24iIHN0eWxlPSJkaXNwbGF5OiBub25lIj5BY2NlcHRlciBsZSBzZXJ2aWNlIHJlcXVpcyBldCBkw6libG9xdWVyIGxlcyBjb250ZW51czwvYT4gPC9kaXY+IDxhIGNsYXNzPSJicmxicy1jbXBudC1jYi1wcm92aWRlci10b2dnbGUiIGhyZWY9IiMiIGRhdGEtYm9ybGFicy1jb29raWUtc2hvdy1wcm92aWRlci1pbmZvcm1hdGlvbiByb2xlPSJidXR0b24iPlBsdXMgZCYjODIxNztpbmZvcm1hdGlvbnM8L2E+IDwvZGl2PjwvZGl2PgoKCjxwPg==\"><div class=\"brlbs-cmpnt-cb-preset-a\"> <p class=\"brlbs-cmpnt-cb-description\">{ description }}<\/p> <div class=\"brlbs-cmpnt-cb-buttons\"> <a class=\"brlbs-cmpnt-cb-btn\" href=\"#\" data-borlabs-cookie-unblock role=\"button\">D\u00e9bloquer le contenu<\/a> <a class=\"brlbs-cmpnt-cb-btn\" href=\"#\" data-borlabs-cookie-accept-service role=\"button\" style=\"display : inherit\">Accepter le service requis et d\u00e9bloquer le contenu<\/a> <\/div> <a class=\"brlbs-cmpnt-cb-provider-toggle\" href=\"#\" data-borlabs-cookie-show-provider-information role=\"button\">Plus d'informations<\/a>. <\/div><\/div>\n\n<\/div>","protected":false},"excerpt":{"rendered":"<p>Le collectif d&#8217;assistance propose des conseils de pair \u00e0 pair par appel vid\u00e9o sur l&#8217;assistance personnelle, la vie avec une assistance, le budget personnel et les prestations en nature. R\u00e9servez un rendez-vous dans le calendrier ci-dessous pour une consultation personnelle par vid\u00e9oconf\u00e9rence avec nous.<\/p>\n","protected":false},"author":1,"featured_media":0,"parent":0,"menu_order":0,"comment_status":"closed","ping_status":"closed","template":"","meta":{"inline_featured_image":false,"footnotes":""},"class_list":{"0":"post-6769","1":"page","2":"type-page","3":"status-publish","5":"infinite-scroll-item"},"_links":{"self":[{"href":"https:\/\/www.assistenz-kollektiv.de\/fr\/wp-json\/wp\/v2\/pages\/6769","targetHints":{"allow":["GET"]}}],"collection":[{"href":"https:\/\/www.assistenz-kollektiv.de\/fr\/wp-json\/wp\/v2\/pages"}],"about":[{"href":"https:\/\/www.assistenz-kollektiv.de\/fr\/wp-json\/wp\/v2\/types\/page"}],"author":[{"embeddable":true,"href":"https:\/\/www.assistenz-kollektiv.de\/fr\/wp-json\/wp\/v2\/users\/1"}],"replies":[{"embeddable":true,"href":"https:\/\/www.assistenz-kollektiv.de\/fr\/wp-json\/wp\/v2\/comments?post=6769"}],"version-history":[{"count":16,"href":"https:\/\/www.assistenz-kollektiv.de\/fr\/wp-json\/wp\/v2\/pages\/6769\/revisions"}],"predecessor-version":[{"id":7539,"href":"https:\/\/www.assistenz-kollektiv.de\/fr\/wp-json\/wp\/v2\/pages\/6769\/revisions\/7539"}],"wp:attachment":[{"href":"https:\/\/www.assistenz-kollektiv.de\/fr\/wp-json\/wp\/v2\/media?parent=6769"}],"curies":[{"name":"wp","href":"https:\/\/api.w.org\/{rel}","templated":true}]}}