{"id":8414,"date":"2025-09-18T10:17:13","date_gmt":"2025-09-18T08:17:13","guid":{"rendered":"https:\/\/www.assistenz-kollektiv.de\/formulario-de-opinion-sobre-tu-consulta\/"},"modified":"2025-09-18T10:17:39","modified_gmt":"2025-09-18T08:17:39","slug":"formulario-de-opinion-sobre-tu-consulta","status":"publish","type":"page","link":"https:\/\/www.assistenz-kollektiv.de\/es\/formulario-de-opinion-sobre-tu-consulta\/","title":{"rendered":"Formulario de opini\u00f3n sobre tu consulta"},"content":{"rendered":"<div class=\"frm_forms  with_frm_style frm_style_formidable-stil\" id=\"frm_form_9_container\" data-token=\"3acd747adbbe61b9d8635a4dd4a4bce7\">\n<form enctype=\"multipart\/form-data\" method=\"post\" class=\"frm-show-form  frm_js_validate  frm_ajax_submit  frm_pro_form \" id=\"form_dh2oz\" data-token=\"3acd747adbbe61b9d8635a4dd4a4bce7\">\n<div class=\"frm_form_fields \">\n<fieldset>\n<legend class=\"frm_screen_reader\">Formulario de comentarios para su consulta<\/legend>\r\n\r\n<div class=\"frm_fields_container\">\n<input type=\"hidden\" name=\"frm_action\" value=\"create\" \/>\n<input type=\"hidden\" name=\"form_id\" value=\"9\" \/>\n<input type=\"hidden\" name=\"frm_hide_fields_9\" id=\"frm_hide_fields_9\" value=\"\" \/>\n<input type=\"hidden\" name=\"form_key\" value=\"dh2oz\" \/>\n<input type=\"hidden\" name=\"item_meta[0]\" value=\"\" \/>\n<input type=\"hidden\" id=\"frm_submit_entry_9\" name=\"frm_submit_entry_9\" value=\"4f8a8223df\" \/><input type=\"hidden\" name=\"_wp_http_referer\" value=\"\/es\/wp-json\/wp\/v2\/pages\/8414\" \/><div id=\"frm_field_163_container\" class=\"frm_form_field form-field  frm_top_container vertical_radio\">\r\n\t<div  id=\"field_j8a1m_label\" class=\"frm_primary_label\">1. \u00bfEstuvo satisfecho en general con la consulta?\r\n\t\t<span class=\"frm_required\" aria-hidden=\"true\"><\/span>\r\n\t<\/div>\r\n\t<div class=\"frm_opt_container\" aria-labelledby=\"field_j8a1m_label\" role=\"radiogroup\">\t\t<div class=\"frm_radio\" id=\"frm_radio_163-0\">\t\t\t<label  for=\"field_j8a1m-0\">\n\t\t\t\t\t<input type=\"radio\" name=\"item_meta[163]\" id=\"field_j8a1m-0\" value=\"a.\tSehr zufrieden\"\n\t\t data-invmsg=\"1. \u00bfEstuvo satisfecho en general con la consulta? no es v\u00e1lido\"   \/> a. Muy satisfecho<\/label><\/div>\n\t\t<div class=\"frm_radio\" id=\"frm_radio_163-1\">\t\t\t<label  for=\"field_j8a1m-1\">\n\t\t\t\t\t<input type=\"radio\" name=\"item_meta[163]\" id=\"field_j8a1m-1\" value=\"b.\tTeilweise zufrieden\"\n\t\t data-invmsg=\"1. \u00bfEstuvo satisfecho en general con la consulta? no es v\u00e1lido\"   \/> b. Parcialmente satisfecho<\/label><\/div>\n\t\t<div class=\"frm_radio\" id=\"frm_radio_163-2\">\t\t\t<label  for=\"field_j8a1m-2\">\n\t\t\t\t\t<input type=\"radio\" name=\"item_meta[163]\" id=\"field_j8a1m-2\" value=\"c.\tNeutral\"\n\t\t data-invmsg=\"1. \u00bfEstuvo satisfecho en general con la consulta? no es v\u00e1lido\"   \/> c. Neutral<\/label><\/div>\n\t\t<div class=\"frm_radio\" id=\"frm_radio_163-3\">\t\t\t<label  for=\"field_j8a1m-3\">\n\t\t\t\t\t<input type=\"radio\" name=\"item_meta[163]\" id=\"field_j8a1m-3\" value=\"d.\tTeilweise unzufrieden\"\n\t\t data-invmsg=\"1. \u00bfEstuvo satisfecho en general con la consulta? no es v\u00e1lido\"   \/> d. Parcialmente insatisfecho<\/label><\/div>\n\t\t<div class=\"frm_radio\" id=\"frm_radio_163-4\">\t\t\t<label  for=\"field_j8a1m-4\">\n\t\t\t\t\t<input type=\"radio\" name=\"item_meta[163]\" id=\"field_j8a1m-4\" value=\"e.\tSehr unzufrieden\"\n\t\t data-invmsg=\"1. \u00bfEstuvo satisfecho en general con la consulta? no es v\u00e1lido\"   \/> e. Muy insatisfecho<\/label><\/div>\n<\/div>\r\n\t\r\n\t\r\n<\/div>\n<div id=\"frm_field_164_container\" class=\"frm_form_field form-field  frm_top_container vertical_radio\">\r\n\t<div  id=\"field_j7syx_label\" class=\"frm_primary_label\">2. \u00bfFueron respondidas sus preguntas?\r\n\t\t<span class=\"frm_required\" aria-hidden=\"true\"><\/span>\r\n\t<\/div>\r\n\t<div class=\"frm_opt_container\" aria-labelledby=\"field_j7syx_label\" role=\"radiogroup\">\t\t<div class=\"frm_radio\" id=\"frm_radio_164-0\">\t\t\t<label  for=\"field_j7syx-0\">\n\t\t\t\t\t<input type=\"radio\" name=\"item_meta[164]\" id=\"field_j7syx-0\" value=\"a.\tVollst\u00e4ndig\"\n\t\t data-invmsg=\"2. \u00bfFueron respondidas sus preguntas? no es v\u00e1lido\"   \/> a. Completamente<\/label><\/div>\n\t\t<div class=\"frm_radio\" id=\"frm_radio_164-1\">\t\t\t<label  for=\"field_j7syx-1\">\n\t\t\t\t\t<input type=\"radio\" name=\"item_meta[164]\" id=\"field_j7syx-1\" value=\"b.\tTeilweise\"\n\t\t data-invmsg=\"2. \u00bfFueron respondidas sus preguntas? no es v\u00e1lido\"   \/> b. Parcialmente<\/label><\/div>\n\t\t<div class=\"frm_radio\" id=\"frm_radio_164-2\">\t\t\t<label  for=\"field_j7syx-2\">\n\t\t\t\t\t<input type=\"radio\" name=\"item_meta[164]\" id=\"field_j7syx-2\" value=\"c.\tGar nicht\"\n\t\t data-invmsg=\"2. \u00bfFueron respondidas sus preguntas? no es v\u00e1lido\"   \/> c. En absoluto<\/label><\/div>\n<\/div>\r\n\t\r\n\t\r\n<\/div>\n<div id=\"frm_field_165_container\" class=\"frm_form_field form-field  frm_top_container vertical_radio\">\r\n\t<div  id=\"field_i6eqf_label\" class=\"frm_primary_label\">3. \u00bfLa consulta cumpli\u00f3 con sus expectativas?\r\n\t\t<span class=\"frm_required\" aria-hidden=\"true\"><\/span>\r\n\t<\/div>\r\n\t<div class=\"frm_opt_container\" aria-labelledby=\"field_i6eqf_label\" role=\"radiogroup\">\t\t<div class=\"frm_radio\" id=\"frm_radio_165-0\">\t\t\t<label  for=\"field_i6eqf-0\">\n\t\t\t\t\t<input type=\"radio\" name=\"item_meta[165]\" id=\"field_i6eqf-0\" value=\"a.\tVollst\u00e4ndig\"\n\t\t data-invmsg=\"3. \u00bfLa consulta cumpli\u00f3 con sus expectativas? no es v\u00e1lido\"   \/> a. Completamente<\/label><\/div>\n\t\t<div class=\"frm_radio\" id=\"frm_radio_165-1\">\t\t\t<label  for=\"field_i6eqf-1\">\n\t\t\t\t\t<input type=\"radio\" name=\"item_meta[165]\" id=\"field_i6eqf-1\" value=\"b.\tTeilweise\"\n\t\t data-invmsg=\"3. \u00bfLa consulta cumpli\u00f3 con sus expectativas? no es v\u00e1lido\"   \/> b. Parcialmente<\/label><\/div>\n\t\t<div class=\"frm_radio\" id=\"frm_radio_165-2\">\t\t\t<label  for=\"field_i6eqf-2\">\n\t\t\t\t\t<input type=\"radio\" name=\"item_meta[165]\" id=\"field_i6eqf-2\" value=\"c. Gar nicht\"\n\t\t data-invmsg=\"3. \u00bfLa consulta cumpli\u00f3 con sus expectativas? no es v\u00e1lido\"   \/> c. En absoluto<\/label><\/div>\n<\/div>\r\n\t\r\n\t\r\n<\/div>\n<div id=\"frm_field_166_container\" class=\"frm_form_field form-field  frm_top_container vertical_radio\">\r\n\t<div  id=\"field_ex2cd_label\" class=\"frm_primary_label\">4. \u00bfC\u00f3mo califica la experiencia de nuestro consultor?\r\n\t\t<span class=\"frm_required\" aria-hidden=\"true\"><\/span>\r\n\t<\/div>\r\n\t<div class=\"frm_opt_container\" aria-labelledby=\"field_ex2cd_label\" role=\"radiogroup\">\t\t<div class=\"frm_radio\" id=\"frm_radio_166-0\">\t\t\t<label  for=\"field_ex2cd-0\">\n\t\t\t\t\t<input type=\"radio\" name=\"item_meta[166]\" id=\"field_ex2cd-0\" value=\"a.\tSehr gut\"\n\t\t data-invmsg=\"4. \u00bfC\u00f3mo califica la experiencia de nuestro consultor? no es v\u00e1lido\"   \/> a. Muy bueno<\/label><\/div>\n\t\t<div class=\"frm_radio\" id=\"frm_radio_166-1\">\t\t\t<label  for=\"field_ex2cd-1\">\n\t\t\t\t\t<input type=\"radio\" name=\"item_meta[166]\" id=\"field_ex2cd-1\" value=\"b.\tGut\"\n\t\t data-invmsg=\"4. \u00bfC\u00f3mo califica la experiencia de nuestro consultor? no es v\u00e1lido\"   \/> b. Bueno<\/label><\/div>\n\t\t<div class=\"frm_radio\" id=\"frm_radio_166-2\">\t\t\t<label  for=\"field_ex2cd-2\">\n\t\t\t\t\t<input type=\"radio\" name=\"item_meta[166]\" id=\"field_ex2cd-2\" value=\"c.\tNeutral\"\n\t\t data-invmsg=\"4. \u00bfC\u00f3mo califica la experiencia de nuestro consultor? no es v\u00e1lido\"   \/> c. Neutral<\/label><\/div>\n\t\t<div class=\"frm_radio\" id=\"frm_radio_166-3\">\t\t\t<label  for=\"field_ex2cd-3\">\n\t\t\t\t\t<input type=\"radio\" name=\"item_meta[166]\" id=\"field_ex2cd-3\" value=\"d.\tEher schlecht\"\n\t\t data-invmsg=\"4. \u00bfC\u00f3mo califica la experiencia de nuestro consultor? no es v\u00e1lido\"   \/> d. M\u00e1s bien malo<\/label><\/div>\n\t\t<div class=\"frm_radio\" id=\"frm_radio_166-4\">\t\t\t<label  for=\"field_ex2cd-4\">\n\t\t\t\t\t<input type=\"radio\" name=\"item_meta[166]\" id=\"field_ex2cd-4\" value=\"e.\tSehr schlecht\"\n\t\t data-invmsg=\"4. \u00bfC\u00f3mo califica la experiencia de nuestro consultor? no es v\u00e1lido\"   \/> e. Muy malo<\/label><\/div>\n<\/div>\r\n\t\r\n\t\r\n<\/div>\n<div id=\"frm_field_168_container\" class=\"frm_form_field form-field  frm_top_container vertical_radio\">\r\n\t<div  id=\"field_wgi72_label\" class=\"frm_primary_label\">5. \u00bfC\u00f3mo califica la amabilidad de nuestro consultor?\r\n\t\t<span class=\"frm_required\" aria-hidden=\"true\"><\/span>\r\n\t<\/div>\r\n\t<div class=\"frm_opt_container\" aria-labelledby=\"field_wgi72_label\" role=\"radiogroup\">\t\t<div class=\"frm_radio\" id=\"frm_radio_168-0\">\t\t\t<label  for=\"field_wgi72-0\">\n\t\t\t\t\t<input type=\"radio\" name=\"item_meta[168]\" id=\"field_wgi72-0\" value=\"a.\tSehr freundlich\"\n\t\t data-invmsg=\"5. \u00bfC\u00f3mo califica la amabilidad de nuestro consultor? no es v\u00e1lido\"   \/> a. Muy amable<\/label><\/div>\n\t\t<div class=\"frm_radio\" id=\"frm_radio_168-1\">\t\t\t<label  for=\"field_wgi72-1\">\n\t\t\t\t\t<input type=\"radio\" name=\"item_meta[168]\" id=\"field_wgi72-1\" value=\"b.\tFreundlich\"\n\t\t data-invmsg=\"5. \u00bfC\u00f3mo califica la amabilidad de nuestro consultor? no es v\u00e1lido\"   \/> b. Amable<\/label><\/div>\n\t\t<div class=\"frm_radio\" id=\"frm_radio_168-2\">\t\t\t<label  for=\"field_wgi72-2\">\n\t\t\t\t\t<input type=\"radio\" name=\"item_meta[168]\" id=\"field_wgi72-2\" value=\"c.\tNeutral\"\n\t\t data-invmsg=\"5. \u00bfC\u00f3mo califica la amabilidad de nuestro consultor? no es v\u00e1lido\"   \/> c. Neutral<\/label><\/div>\n\t\t<div class=\"frm_radio\" id=\"frm_radio_168-3\">\t\t\t<label  for=\"field_wgi72-3\">\n\t\t\t\t\t<input type=\"radio\" name=\"item_meta[168]\" id=\"field_wgi72-3\" value=\"d.\tEher unfreundlich\"\n\t\t data-invmsg=\"5. \u00bfC\u00f3mo califica la amabilidad de nuestro consultor? no es v\u00e1lido\"   \/> d. M\u00e1s bien antip\u00e1tico<\/label><\/div>\n\t\t<div class=\"frm_radio\" id=\"frm_radio_168-4\">\t\t\t<label  for=\"field_wgi72-4\">\n\t\t\t\t\t<input type=\"radio\" name=\"item_meta[168]\" id=\"field_wgi72-4\" value=\"e.\tSehr unfreundlich\"\n\t\t data-invmsg=\"5. \u00bfC\u00f3mo califica la amabilidad de nuestro consultor? no es v\u00e1lido\"   \/> e. Muy antip\u00e1tico<\/label><\/div>\n<\/div>\r\n\t\r\n\t\r\n<\/div>\n<div id=\"frm_field_167_container\" class=\"frm_form_field form-field  frm_top_container vertical_radio\">\r\n\t<div  id=\"field_zr6h8_label\" class=\"frm_primary_label\">6. \u00bfEl\/la consultor\/a se tom\u00f3 suficiente tiempo para la conversaci\u00f3n?\r\n\t\t<span class=\"frm_required\" aria-hidden=\"true\"><\/span>\r\n\t<\/div>\r\n\t<div class=\"frm_opt_container\" aria-labelledby=\"field_zr6h8_label\" role=\"radiogroup\">\t\t<div class=\"frm_radio\" id=\"frm_radio_167-0\">\t\t\t<label  for=\"field_zr6h8-0\">\n\t\t\t\t\t<input type=\"radio\" name=\"item_meta[167]\" id=\"field_zr6h8-0\" value=\"a.\tTrifft voll zu\"\n\t\t data-invmsg=\"6. \u00bfEl\/la consultor\/a se tom\u00f3 suficiente tiempo para la conversaci\u00f3n? no es v\u00e1lido\"   \/> a. Completamente cierto<\/label><\/div>\n\t\t<div class=\"frm_radio\" id=\"frm_radio_167-1\">\t\t\t<label  for=\"field_zr6h8-1\">\n\t\t\t\t\t<input type=\"radio\" name=\"item_meta[167]\" id=\"field_zr6h8-1\" value=\"b.\tTrifft teilweise zu\"\n\t\t data-invmsg=\"6. \u00bfEl\/la consultor\/a se tom\u00f3 suficiente tiempo para la conversaci\u00f3n? no es v\u00e1lido\"   \/> b. Parcialmente cierto<\/label><\/div>\n\t\t<div class=\"frm_radio\" id=\"frm_radio_167-2\">\t\t\t<label  for=\"field_zr6h8-2\">\n\t\t\t\t\t<input type=\"radio\" name=\"item_meta[167]\" id=\"field_zr6h8-2\" value=\"c.\tNeutral\"\n\t\t data-invmsg=\"6. \u00bfEl\/la consultor\/a se tom\u00f3 suficiente tiempo para la conversaci\u00f3n? no es v\u00e1lido\"   \/> c. Neutral<\/label><\/div>\n\t\t<div class=\"frm_radio\" id=\"frm_radio_167-3\">\t\t\t<label  for=\"field_zr6h8-3\">\n\t\t\t\t\t<input type=\"radio\" name=\"item_meta[167]\" id=\"field_zr6h8-3\" value=\"d.\tTrifft gar nicht zu\"\n\t\t data-invmsg=\"6. \u00bfEl\/la consultor\/a se tom\u00f3 suficiente tiempo para la conversaci\u00f3n? no es v\u00e1lido\"   \/> d. No es cierto en absoluto<\/label><\/div>\n<\/div>\r\n\t\r\n\t\r\n<\/div>\n<div id=\"frm_field_169_container\" class=\"frm_form_field form-field  frm_top_container vertical_radio\">\r\n\t<div  id=\"field_2c1e8_label\" class=\"frm_primary_label\">7. \u00bfSe sinti\u00f3 comprendido durante la consulta?\r\n\t\t<span class=\"frm_required\" aria-hidden=\"true\"><\/span>\r\n\t<\/div>\r\n\t<div class=\"frm_opt_container\" aria-labelledby=\"field_2c1e8_label\" role=\"radiogroup\">\t\t<div class=\"frm_radio\" id=\"frm_radio_169-0\">\t\t\t<label  for=\"field_2c1e8-0\">\n\t\t\t\t\t<input type=\"radio\" name=\"item_meta[169]\" id=\"field_2c1e8-0\" value=\"a.\tTrifft voll zu\"\n\t\t data-invmsg=\"7. \u00bfSe sinti\u00f3 comprendido durante la consulta? no es v\u00e1lido\"   \/> a. Completamente cierto<\/label><\/div>\n\t\t<div class=\"frm_radio\" id=\"frm_radio_169-1\">\t\t\t<label  for=\"field_2c1e8-1\">\n\t\t\t\t\t<input type=\"radio\" name=\"item_meta[169]\" id=\"field_2c1e8-1\" value=\"b.\tTrifft teilweise zu\"\n\t\t data-invmsg=\"7. \u00bfSe sinti\u00f3 comprendido durante la consulta? no es v\u00e1lido\"   \/> b. Parcialmente cierto<\/label><\/div>\n\t\t<div class=\"frm_radio\" id=\"frm_radio_169-2\">\t\t\t<label  for=\"field_2c1e8-2\">\n\t\t\t\t\t<input type=\"radio\" name=\"item_meta[169]\" id=\"field_2c1e8-2\" value=\"c.\tNeutral\"\n\t\t data-invmsg=\"7. \u00bfSe sinti\u00f3 comprendido durante la consulta? no es v\u00e1lido\"   \/> c. Neutral<\/label><\/div>\n\t\t<div class=\"frm_radio\" id=\"frm_radio_169-3\">\t\t\t<label  for=\"field_2c1e8-3\">\n\t\t\t\t\t<input type=\"radio\" name=\"item_meta[169]\" id=\"field_2c1e8-3\" value=\"d.\tTrifft gar nicht zu\"\n\t\t data-invmsg=\"7. \u00bfSe sinti\u00f3 comprendido durante la consulta? no es v\u00e1lido\"   \/> d. No es cierto en absoluto<\/label><\/div>\n<\/div>\r\n\t\r\n\t\r\n<\/div>\n<div id=\"frm_field_170_container\" class=\"frm_form_field form-field  frm_top_container vertical_radio frm_other_container\">\r\n\t<div  id=\"field_kmg5j_label\" class=\"frm_primary_label\">8. \u00bfC\u00f3mo se enter\u00f3 de nuestra consulta?\r\n\t\t<span class=\"frm_required\" aria-hidden=\"true\"><\/span>\r\n\t<\/div>\r\n\t<div class=\"frm_opt_container\" aria-labelledby=\"field_kmg5j_label\" role=\"radiogroup\">\t\t<div class=\"frm_radio\" id=\"frm_radio_170-0\">\t\t\t<label  for=\"field_kmg5j-0\">\n\t\t\t\t\t<input type=\"radio\" name=\"item_meta[170]\" id=\"field_kmg5j-0\" value=\"a.\tDurch Zufall\"\n\t\t data-invmsg=\"8. \u00bfC\u00f3mo se enter\u00f3 de nuestra consulta? no es v\u00e1lido\"   \/> a. Por casualidad<\/label><\/div>\n\t\t<div class=\"frm_radio\" id=\"frm_radio_170-1\">\t\t\t<label  for=\"field_kmg5j-1\">\n\t\t\t\t\t<input type=\"radio\" name=\"item_meta[170]\" id=\"field_kmg5j-1\" value=\"b.\tDurch Empfehlung\"\n\t\t data-invmsg=\"8. \u00bfC\u00f3mo se enter\u00f3 de nuestra consulta? no es v\u00e1lido\"   \/> b. Por recomendaci\u00f3n<\/label><\/div>\n\t\t<div class=\"frm_radio\" id=\"frm_radio_170-2\">\t\t\t<label  for=\"field_kmg5j-2\">\n\t\t\t\t\t<input type=\"radio\" name=\"item_meta[170]\" id=\"field_kmg5j-2\" value=\"c.\tAuf einer Informationsveranstaltung\"\n\t\t data-invmsg=\"8. \u00bfC\u00f3mo se enter\u00f3 de nuestra consulta? no es v\u00e1lido\"   \/> c. En un evento informativo<\/label><\/div>\n\t\t<div class=\"frm_radio\" id=\"frm_radio_170-3\">\t\t\t<label  for=\"field_kmg5j-3\">\n\t\t\t\t\t<input type=\"radio\" name=\"item_meta[170]\" id=\"field_kmg5j-3\" value=\"d.\tDurch eine Brosch\u00fcre\"\n\t\t data-invmsg=\"8. \u00bfC\u00f3mo se enter\u00f3 de nuestra consulta? no es v\u00e1lido\"   \/> d. A trav\u00e9s de un folleto<\/label><\/div>\n\t\t<div class=\"frm_radio\" id=\"frm_radio_170-4\">\t\t\t<label  for=\"field_kmg5j-4\">\n\t\t\t\t\t<input type=\"radio\" name=\"item_meta[170]\" id=\"field_kmg5j-4\" value=\"e.\tDurch das Internet\"\n\t\t data-invmsg=\"8. \u00bfC\u00f3mo se enter\u00f3 de nuestra consulta? no es v\u00e1lido\"   \/> e. A trav\u00e9s de Internet<\/label><\/div>\n\t\t<div class=\"frm_radio\" id=\"frm_radio_170-other_6\">\t\t\t<label  for=\"field_kmg5j-other_6\">\n\t\t\t\t\t<input type=\"radio\" name=\"item_meta[170]\" id=\"field_kmg5j-other_6\" value=\"f. Otro, a saber\"\n\t\t data-invmsg=\"8. \u00bfC\u00f3mo se enter\u00f3 de nuestra consulta? no es v\u00e1lido\"   \/> f. Otro, a saber<\/label><label for=\"field_kmg5j-other_6-otext\" class=\"frm_screen_reader frm_hidden\">f. Otro, a saber<\/label><input type=\"text\" id=\"field_kmg5j-other_6-otext\" class=\"frm_other_input frm_pos_none\"  name=\"item_meta[other][170]\" value=\"\" \/><\/div>\n<\/div>\r\n\t\r\n\t\r\n<\/div>\n<div id=\"frm_field_171_container\" class=\"frm_form_field form-field  frm_top_container vertical_radio\">\r\n\t<div  id=\"field_chzhu_label\" class=\"frm_primary_label\">9. \u00bfFue f\u00e1cil concertar una cita de consulta?\r\n\t\t<span class=\"frm_required\" aria-hidden=\"true\"><\/span>\r\n\t<\/div>\r\n\t<div class=\"frm_opt_container\" aria-labelledby=\"field_chzhu_label\" role=\"radiogroup\">\t\t<div class=\"frm_radio\" id=\"frm_radio_171-0\">\t\t\t<label  for=\"field_chzhu-0\">\n\t\t\t\t\t<input type=\"radio\" name=\"item_meta[171]\" id=\"field_chzhu-0\" value=\"a.\tSehr einfach\"\n\t\t data-invmsg=\"9. \u00bfFue f\u00e1cil concertar una cita de consulta? no es v\u00e1lido\"   \/> a. Muy f\u00e1cil<\/label><\/div>\n\t\t<div class=\"frm_radio\" id=\"frm_radio_171-1\">\t\t\t<label  for=\"field_chzhu-1\">\n\t\t\t\t\t<input type=\"radio\" name=\"item_meta[171]\" id=\"field_chzhu-1\" value=\"b.\tEinfach\"\n\t\t data-invmsg=\"9. \u00bfFue f\u00e1cil concertar una cita de consulta? no es v\u00e1lido\"   \/> b. F\u00e1cil<\/label><\/div>\n\t\t<div class=\"frm_radio\" id=\"frm_radio_171-2\">\t\t\t<label  for=\"field_chzhu-2\">\n\t\t\t\t\t<input type=\"radio\" name=\"item_meta[171]\" id=\"field_chzhu-2\" value=\"c.\tNeutral\"\n\t\t data-invmsg=\"9. \u00bfFue f\u00e1cil concertar una cita de consulta? no es v\u00e1lido\"   \/> c. Neutral<\/label><\/div>\n\t\t<div class=\"frm_radio\" id=\"frm_radio_171-3\">\t\t\t<label  for=\"field_chzhu-3\">\n\t\t\t\t\t<input type=\"radio\" name=\"item_meta[171]\" id=\"field_chzhu-3\" value=\"d.\tEher schwierig\"\n\t\t data-invmsg=\"9. \u00bfFue f\u00e1cil concertar una cita de consulta? no es v\u00e1lido\"   \/> d. M\u00e1s bien dif\u00edcil<\/label><\/div>\n\t\t<div class=\"frm_radio\" id=\"frm_radio_171-4\">\t\t\t<label  for=\"field_chzhu-4\">\n\t\t\t\t\t<input type=\"radio\" name=\"item_meta[171]\" id=\"field_chzhu-4\" value=\"e.\tSehr schwierig\"\n\t\t data-invmsg=\"9. \u00bfFue f\u00e1cil concertar una cita de consulta? no es v\u00e1lido\"   \/> e. Muy dif\u00edcil<\/label><\/div>\n<\/div>\r\n\t\r\n\t\r\n<\/div>\n<div id=\"frm_field_172_container\" class=\"frm_form_field form-field  frm_inside_container\">\r\n\t<label for=\"field_psjkf\" id=\"field_psjkf_label\" class=\"frm_primary_label\">Cu\u00e9ntenos qu\u00e9 fue dif\u00edcil:\r\n\t\t<span class=\"frm_required\" aria-hidden=\"true\"><\/span>\r\n\t<\/label>\r\n\t<input  type=\"text\" id=\"field_psjkf\" name=\"item_meta[172]\" value=\"\"  data-invmsg=\"Cu\u00e9ntenos qu\u00e9 fue dif\u00edcil: no es v\u00e1lido\" aria-invalid=\"false\"   \/>\r\n\t\r\n\t\r\n<\/div>\n<div id=\"frm_field_173_container\" class=\"frm_form_field form-field  frm_inside_container\">\r\n\t<label for=\"field_bdnkm\" id=\"field_bdnkm_label\" class=\"frm_primary_label\">10. \u00bfQu\u00e9 le gust\u00f3 de la consulta?\r\n\t\t<span class=\"frm_required\" aria-hidden=\"true\"><\/span>\r\n\t<\/label>\r\n\t<input  type=\"text\" id=\"field_bdnkm\" name=\"item_meta[173]\" value=\"\"  data-invmsg=\"10. \u00bfQu\u00e9 le gust\u00f3 de la consulta? no es v\u00e1lido\" aria-invalid=\"false\"   \/>\r\n\t\r\n\t\r\n<\/div>\n<div id=\"frm_field_174_container\" class=\"frm_form_field form-field  frm_inside_container\">\r\n\t<label for=\"field_d9wez\" id=\"field_d9wez_label\" class=\"frm_primary_label\">11. \u00bfTiene alguna sugerencia o deseo que debamos implementar?\r\n\t\t<span class=\"frm_required\" aria-hidden=\"true\"><\/span>\r\n\t<\/label>\r\n\t<input  type=\"text\" id=\"field_d9wez\" name=\"item_meta[174]\" value=\"\"  data-invmsg=\"11. \u00bfTiene alguna sugerencia o deseo que debamos implementar? no es v\u00e1lido\" aria-invalid=\"false\"   \/>\r\n\t\r\n\t\r\n<\/div>\n<div id=\"frm_field_175_container\" class=\"frm_form_field form-field  frm_top_container vertical_radio\">\r\n\t<div  id=\"field_5yhsg_label\" class=\"frm_primary_label\">12. \u00bfQu\u00e9 tan probable es que recomiende nuestra consulta?\r\n\t\t<span class=\"frm_required\" aria-hidden=\"true\"><\/span>\r\n\t<\/div>\r\n\t<div class=\"frm_opt_container\" aria-labelledby=\"field_5yhsg_label\" role=\"radiogroup\">\t\t<div class=\"frm_radio\" id=\"frm_radio_175-0\">\t\t\t<label  for=\"field_5yhsg-0\">\n\t\t\t\t\t<input type=\"radio\" name=\"item_meta[175]\" id=\"field_5yhsg-0\" value=\"a.\tSehr wahrscheinlich\"\n\t\t data-invmsg=\"12. \u00bfQu\u00e9 tan probable es que recomiende nuestra consulta? no es v\u00e1lido\"   \/> a. Muy probable<\/label><\/div>\n\t\t<div class=\"frm_radio\" id=\"frm_radio_175-1\">\t\t\t<label  for=\"field_5yhsg-1\">\n\t\t\t\t\t<input type=\"radio\" name=\"item_meta[175]\" id=\"field_5yhsg-1\" value=\"b.\tWahrscheinlich\"\n\t\t data-invmsg=\"12. \u00bfQu\u00e9 tan probable es que recomiende nuestra consulta? no es v\u00e1lido\"   \/> b. Probable<\/label><\/div>\n\t\t<div class=\"frm_radio\" id=\"frm_radio_175-2\">\t\t\t<label  for=\"field_5yhsg-2\">\n\t\t\t\t\t<input type=\"radio\" name=\"item_meta[175]\" id=\"field_5yhsg-2\" value=\"c.\tNeutral\"\n\t\t data-invmsg=\"12. \u00bfQu\u00e9 tan probable es que recomiende nuestra consulta? no es v\u00e1lido\"   \/> c. Neutral<\/label><\/div>\n\t\t<div class=\"frm_radio\" id=\"frm_radio_175-3\">\t\t\t<label  for=\"field_5yhsg-3\">\n\t\t\t\t\t<input type=\"radio\" name=\"item_meta[175]\" id=\"field_5yhsg-3\" value=\"d.\tEher unwahrscheinlich\"\n\t\t data-invmsg=\"12. \u00bfQu\u00e9 tan probable es que recomiende nuestra consulta? no es v\u00e1lido\"   \/> d. M\u00e1s bien improbable<\/label><\/div>\n\t\t<div class=\"frm_radio\" id=\"frm_radio_175-4\">\t\t\t<label  for=\"field_5yhsg-4\">\n\t\t\t\t\t<input type=\"radio\" name=\"item_meta[175]\" id=\"field_5yhsg-4\" value=\"e.\tSehr unwahrscheinlich\"\n\t\t data-invmsg=\"12. \u00bfQu\u00e9 tan probable es que recomiende nuestra consulta? no es v\u00e1lido\"   \/> e. Muy improbable<\/label><\/div>\n<\/div>\r\n\t\r\n\t\r\n<\/div>\n<div id=\"frm_field_176_container\" class=\"frm_form_field form-field  frm_inside_container\">\r\n\t<label for=\"field_nc7vu\" id=\"field_nc7vu_label\" class=\"frm_primary_label\">13. Otros comentarios\r\n\t\t<span class=\"frm_required\" aria-hidden=\"true\"><\/span>\r\n\t<\/label>\r\n\t<input  type=\"text\" id=\"field_nc7vu\" name=\"item_meta[176]\" value=\"\"  data-invmsg=\"13. Otros comentarios no es v\u00e1lido\" aria-invalid=\"false\"   \/>\r\n\t\r\n\t\r\n<\/div>\n<div id=\"frm_field_162_container\" class=\"frm_form_field form-field \">\r\n\t<div class=\"frm_submit frm_flex\">\r\n<button class=\"frm_button_submit frm_final_submit\" type=\"submit\"  >Enviar<\/button>\r\n\r\n\r\n\r\n<\/div>\r\n<\/div>\n\t<input type=\"hidden\" name=\"item_key\" value=\"\" \/>\n\t\t\t<div id=\"frm_field_184_container\">\n\t\t\t<label for=\"field_wak30\" >\n\t\t\t\tSi eres humano, deja este campo en blanco.\t\t\t<\/label>\n\t\t\t<input  id=\"field_wak30\" type=\"text\" class=\"frm_form_field form-field frm_verify\" name=\"item_meta[184]\" value=\"\"  \/>\n\t\t<\/div>\n\t\t<input name=\"frm_state\" type=\"hidden\" value=\"ZGGg2OBedYQSmnBBJgI0bXSxgcTuCSNotc3jujLpRsbttkENgjGlXJmdwHDhzPA5\" \/><\/div>\n<\/fieldset>\n<\/div>\n\n<\/form>\n<\/div>\n","protected":false},"excerpt":{"rendered":"","protected":false},"author":4,"featured_media":0,"parent":0,"menu_order":0,"comment_status":"closed","ping_status":"closed","template":"","meta":{"inline_featured_image":false,"footnotes":""},"class_list":{"0":"post-8414","1":"page","2":"type-page","3":"status-publish","5":"infinite-scroll-item"},"_links":{"self":[{"href":"https:\/\/www.assistenz-kollektiv.de\/es\/wp-json\/wp\/v2\/pages\/8414","targetHints":{"allow":["GET"]}}],"collection":[{"href":"https:\/\/www.assistenz-kollektiv.de\/es\/wp-json\/wp\/v2\/pages"}],"about":[{"href":"https:\/\/www.assistenz-kollektiv.de\/es\/wp-json\/wp\/v2\/types\/page"}],"author":[{"embeddable":true,"href":"https:\/\/www.assistenz-kollektiv.de\/es\/wp-json\/wp\/v2\/users\/4"}],"replies":[{"embeddable":true,"href":"https:\/\/www.assistenz-kollektiv.de\/es\/wp-json\/wp\/v2\/comments?post=8414"}],"version-history":[{"count":1,"href":"https:\/\/www.assistenz-kollektiv.de\/es\/wp-json\/wp\/v2\/pages\/8414\/revisions"}],"predecessor-version":[{"id":8415,"href":"https:\/\/www.assistenz-kollektiv.de\/es\/wp-json\/wp\/v2\/pages\/8414\/revisions\/8415"}],"wp:attachment":[{"href":"https:\/\/www.assistenz-kollektiv.de\/es\/wp-json\/wp\/v2\/media?parent=8414"}],"curies":[{"name":"wp","href":"https:\/\/api.w.org\/{rel}","templated":true}]}}